{"id":19,"date":"2020-09-22T16:11:48","date_gmt":"2020-09-22T14:11:48","guid":{"rendered":"http:\/\/transports-fromont-thomas.com\/?page_id=19"},"modified":"2020-09-23T12:16:34","modified_gmt":"2020-09-23T10:16:34","slug":"qui-sommes-nous","status":"publish","type":"page","link":"https:\/\/transports-fromont-thomas.com\/","title":{"rendered":"QUI SOMMES-NOUS ?"},"content":{"rendered":"\t\t<div data-elementor-type=\"wp-page\" data-elementor-id=\"19\" class=\"elementor elementor-19\" data-elementor-settings=\"[]\">\n\t\t\t\t\t\t<div class=\"elementor-inner\">\n\t\t\t\t\t\t\t<div class=\"elementor-section-wrap\">\n\t\t\t\t\t\t\t<section class=\"elementor-section elementor-top-section elementor-element elementor-element-988c2a4 elementor-section-boxed elementor-section-height-default elementor-section-height-default\" data-id=\"988c2a4\" data-element_type=\"section\">\n\t\t\t\t\t\t<div class=\"elementor-container elementor-column-gap-default\">\n\t\t\t\t\t\t\t<div class=\"elementor-row\">\n\t\t\t\t\t<div class=\"elementor-column elementor-col-100 elementor-top-column elementor-element elementor-element-7c6789b\" data-id=\"7c6789b\" data-element_type=\"column\">\n\t\t\t<div class=\"elementor-column-wrap elementor-element-populated\">\n\t\t\t\t\t\t\t<div class=\"elementor-widget-wrap\">\n\t\t\t\t\t\t<div class=\"elementor-element elementor-element-6dc65b1 elementor-widget elementor-widget-text-editor\" data-id=\"6dc65b1\" data-element_type=\"widget\" data-widget_type=\"text-editor.default\">\n\t\t\t\t<div class=\"elementor-widget-container\">\n\t\t\t\t\t<div class=\"elementor-text-editor elementor-clearfix\"><h2 style=\"border: 0px;\"><strong style=\"border: 0px; font-family: inherit; font-style: inherit; margin: 0px; outline-style: initial; outline-width: 0px; padding: 0px; vertical-align: baseline;\"><span style=\"color: #339966;\">T F T &#8211; TRANSPORTS FROMONT THOMAS<\/span><br>\n<\/strong><strong style=\"font-family: inherit; border: 0px; font-style: inherit; margin: 0px; outline-style: initial; outline-width: 0px; padding: 0px; vertical-align: baseline;\">Transporteur depuis 1996<\/strong><\/h2>\n<p style=\"border: 0px;\">Les Transports Fromont Thomas :<br>\n&gt; Un site enti\u00e8rement s\u00e9curis\u00e9,<br>\n&gt; Sur 1 hectare,<br>\n&gt; Entrep\u00f4ts de 5000 m2, dont 2000 m2 couverts<br>\n&gt; Pr\u00e8s de Valenciennes dans le Nord de la France<br>\n<span style=\"color: var( --e-global-color-text ); font-family: var( --e-global-typography-text-font-family ); font-weight: var( --e-global-typography-text-font-weight );\">&gt; Une \u00e9quipe de 42 personnes, dont 35 chauffeurs<br>\n<\/span><span style=\"color: var( --e-global-color-text ); font-family: var( --e-global-typography-text-font-family ); font-weight: var( --e-global-typography-text-font-weight );\">&gt; Un service exploitation \u00e0 votre \u00e9coute.<\/span><\/p>\n<hr style=\"background-color: #cccccc; border: 0px; height: 1px; margin-bottom: 1.5em; color: #404040;\">\n<h2 style=\"border: 0px;\"><strong style=\"border: 0px; font-family: inherit; font-style: inherit; margin: 0px; outline-style: initial; outline-width: 0px; padding: 0px; vertical-align: baseline;\">Notre petit +<\/strong><\/h2>\n<div><span style=\"color: var( --e-global-color-text ); font-family: var( --e-global-typography-text-font-family ); font-weight: var( --e-global-typography-text-font-weight );\">&gt; A proximit\u00e9 des axes autoroutiers \u00e0 destination de Paris, Bruxelles, Amsterdam, Londres&#8230;<\/span><\/div>\n<p style=\"border: 0px;\"><span style=\"color: var( --e-global-color-text ); font-family: var( --e-global-typography-text-font-family ); font-weight: var( --e-global-typography-text-font-weight );\">&gt; Transports de lots complets et partiels (de 100 Kgs \u00e0 25 tonnes)<br>\n&gt; Logistique, stockage et manutention<br>\n<\/span>&gt; Agr\u00e9ment commissionnaire et organisateur de transports depuis 2005<br>\n&gt; Sp\u00e9cialit\u00e9 transport de mati\u00e8res dangereuses<\/p>\n<hr style=\"background-color: #cccccc; border: 0px; height: 1px; margin-bottom: 1.5em; color: #404040;\">\n<h3 style=\"border: 0px;\"><strong style=\"border: 0px; font-family: inherit; font-style: inherit; margin: 0px; outline-style: initial; outline-width: 0px; padding: 0px; vertical-align: baseline;\">Un transporteur &#8220;responsable&#8221;<\/strong><\/h3>\n<p style=\"border: 0px;\">&gt; G\u00e9olocalisation en temps r\u00e9el de nos v\u00e9hicules,<br>\n&gt; Pour accompagner l\u2019\u00e9co-conduite,<br>\n&gt; Et diminuer les kilom\u00e8tres \u00e0 vide.<\/p>\n<hr style=\"background-color: #cccccc; border: 0px; height: 1px; margin-bottom: 1.5em; color: #404040;\">\n<h3 style=\"border: 0px;\"><strong style=\"border: 0px; font-family: inherit; font-style: inherit; margin: 0px; outline-style: initial; outline-width: 0px; padding: 0px; vertical-align: baseline;\">Un atelier de m\u00e9canique int\u00e9gr\u00e9<\/strong><\/h3>\n<blockquote style=\"border: 0px;\">\n<p style=\"border: 0px; font-family: inherit; font-style: inherit; font-weight: inherit; margin-top: 0px; margin-bottom: 20px; outline-style: initial; outline-width: 0px; vertical-align: baseline;\">Des r\u00e9parations rapides gr\u00e2ce aux 2 m\u00e9caniciens \u00e0 disposition,<br>\n&gt; Maintenance pr\u00e9ventive des v\u00e9hicules : des diagnostics internes r\u00e9guliers permettent d\u2019anticiper les pannes,<br>\n&gt; Du mat\u00e9riel r\u00e9vis\u00e9 et renouvel\u00e9,<br>\n&gt; Un v\u00e9hicule d\u2019assistance et de d\u00e9pannage sur routes<\/p>\n<\/blockquote><\/div>\n\t\t\t\t<\/div>\n\t\t\t\t<\/div>\n\t\t\t\t\t\t<\/div>\n\t\t\t\t\t<\/div>\n\t\t<\/div>\n\t\t\t\t\t\t\t\t<\/div>\n\t\t\t\t\t<\/div>\n\t\t<\/section>\n\t\t\t\t\t\t<\/div>\n\t\t\t\t\t\t<\/div>\n\t\t\t\t\t<\/div>\n\t\t","protected":false},"excerpt":{"rendered":"<p>T F T &#8211; TRANSPORTS FROMONT THOMAS Transporteur depuis 1996 Les Transports Fromont Thomas : &gt; Un site enti\u00e8rement s\u00e9curis\u00e9, &gt; Sur 1 hectare, &gt; Entrep\u00f4ts de 5000 m2, dont 2000 m2 couverts &gt; Pr\u00e8s de Valenciennes dans le Nord de la France &gt; Une \u00e9quipe de 42 personnes, dont 35 chauffeurs &gt; Un service [&hellip;]<\/p>\n","protected":false},"author":1,"featured_media":0,"parent":0,"menu_order":0,"comment_status":"closed","ping_status":"closed","template":"","meta":[],"_links":{"self":[{"href":"https:\/\/transports-fromont-thomas.com\/index.php\/wp-json\/wp\/v2\/pages\/19"}],"collection":[{"href":"https:\/\/transports-fromont-thomas.com\/index.php\/wp-json\/wp\/v2\/pages"}],"about":[{"href":"https:\/\/transports-fromont-thomas.com\/index.php\/wp-json\/wp\/v2\/types\/page"}],"author":[{"embeddable":true,"href":"https:\/\/transports-fromont-thomas.com\/index.php\/wp-json\/wp\/v2\/users\/1"}],"replies":[{"embeddable":true,"href":"https:\/\/transports-fromont-thomas.com\/index.php\/wp-json\/wp\/v2\/comments?post=19"}],"version-history":[{"count":23,"href":"https:\/\/transports-fromont-thomas.com\/index.php\/wp-json\/wp\/v2\/pages\/19\/revisions"}],"predecessor-version":[{"id":145,"href":"https:\/\/transports-fromont-thomas.com\/index.php\/wp-json\/wp\/v2\/pages\/19\/revisions\/145"}],"wp:attachment":[{"href":"https:\/\/transports-fromont-thomas.com\/index.php\/wp-json\/wp\/v2\/media?parent=19"}],"curies":[{"name":"wp","href":"https:\/\/api.w.org\/{rel}","templated":true}]}}